{"id":1796,"date":"2017-07-25T07:00:20","date_gmt":"2017-07-25T07:00:20","guid":{"rendered":"http:\/\/rushmore.wpcolorlab.com\/?page_id=4"},"modified":"2024-11-04T15:30:25","modified_gmt":"2024-11-04T14:30:25","slug":"home","status":"publish","type":"page","link":"http:\/\/bech.truni.sk\/","title":{"rendered":"Biol\u00f3gia, ekol\u00f3gia, ch\u00e9mia"},"content":{"rendered":"<p><section data-kc-fullwidth=\"content\" class=\"kc-elm kc-css-839874 kc_row\"><div class=\"kc-row-container\"><div class=\"kc-wrap-columns\"><div class=\"kc-elm kc-css-817884 kc_col-sm-12 kc_column kc_col-sm-12\"><div class=\"kc-col-container\"><div class=\"sabbi-site-head\"><div class=\"sabbi-site-header-meta kc-elm kc-css-45649\" >\n            <div class=\"site-hmsl-content text-center pt_60\">\n                <div class=\"seq seq--kawsa\" id=\"sequence\" data-slideautoPlay=\"true\" data-slideautoPlayInterval=\"3000\">\n                    <div class=\"seq-screen\">\n                        <ul class=\"seq-canvas\"><li class=\"seq-step1\" id=\"step1\" style=\"background-image:url(http:\/\/bech.truni.sk\/wp-content\/uploads\/2018\/09\/slide_1.jpg)\">\n                                <div class=\"bg-blend\"><\/div>\n                                <div class=\"seq-content\" ><h2 class=\"seq-title tt_up\" data-seq=\"\">Zameranie \u010dasopisu<\/h2><div class=\"seq-meta\" data-seq=\"\">\n                                            <p class=\"seq-meta-text\">\u010casopis orientovan\u00fd na v\u00fdskum, te\u00f3riu a prax v pr\u00edrodovednom vzdel\u00e1van\u00ed<br>\r\nISSN 1338-1024<\/p>\n                                        <\/div><a href=\"http:\/\/bech.truni.sk\/index.php\/scope\/\" title=\"Zameranie \u010dasopisu\" target=\"_self\" class=\"btn-link btn-more\">\u010c\u00edta\u0165 \u010falej<\/a><\/div>\n                            <\/li><li class=\"seq-step1\" id=\"step2\" style=\"background-image:url(http:\/\/bech.truni.sk\/wp-content\/uploads\/2018\/09\/slide_1.jpg)\">\n                                <div class=\"bg-blend\"><\/div>\n                                <div class=\"seq-content\" ><h2 class=\"seq-title tt_up\" data-seq=\"\">Aktu\u00e1lny ro\u010dn\u00edk<\/h2><div class=\"seq-meta\" data-seq=\"\">\n                                            <p class=\"seq-meta-text\">Pozrite si aktu\u00e1lne vydanie \u010dasopisu <br>Biol\u00f3gia, ekol\u00f3gia, ch\u00e9mia. <\/p>\n                                        <\/div><a href=\"http:\/\/bech.truni.sk\/index.php\/journal-articles\/\" title=\"Zameranie \u010dasopisu\" target=\"_self\" class=\"btn-link btn-more\">\u010c\u00edta\u0165 \u010falej<\/a><\/div>\n                            <\/li><li class=\"seq-step1\" id=\"step3\" style=\"background-image:url(http:\/\/bech.truni.sk\/wp-content\/uploads\/2018\/09\/slide_2.jpg)\">\n                                <div class=\"bg-blend\"><\/div>\n                                <div class=\"seq-content\" ><h2 class=\"seq-title tt_up\" data-seq=\"\">Redak\u010dn\u00fd proces<\/h2><div class=\"seq-meta\" data-seq=\"\">\n                                            <p class=\"seq-meta-text\">V\u0161etky pr\u00edspevky uverej\u0148ovan\u00e9 v \u010dasopise <br>Biol\u00f3gia, ekol\u00f3gia, ch\u00e9mia s\u00fa recenzovan\u00e9.<\/p>\n                                        <\/div><a href=\"http:\/\/bech.truni.sk\/index.php\/pre-autorov\/\" title=\"Pokyny pre autorov\" target=\"_self\" class=\"btn-link btn-more\">\u010c\u00edta\u0165 \u010falej<\/a><\/div>\n                            <\/li><\/ul>\n                        <div class=\"sec-navigate-wrap pos-y_center\">\n                            <button type=\"button\" class=\"seq-next\"><\/button>\n                            <button type=\"button\" class=\"seq-prev\"><\/button>\n                        <\/div>\n                    <\/div>\n                <\/div>\n            <\/div>\n        <\/div>\n        <\/div><\/div><\/div><\/div><\/div><\/section><section class=\"kc-elm kc-css-169940 kc_row\"><div class=\"kc-row-container  kc-container\"><div class=\"kc-wrap-columns\"><div class=\"kc-elm kc-css-704572 kc_col-sm-3 kc_column kc_col-sm-3\"><div class=\"kc-col-container\"> <article class=\"sabbi-thumlinepost-card solitude-bg__x kc-elm kc-css-895658\"><figure class=\"sabbi-thumlinepost-card-figure\">\n                           <img fetchpriority=\"high\" decoding=\"async\" width=\"271\" height=\"211\" src=\"http:\/\/bech.truni.sk\/wp-content\/uploads\/2018\/09\/hans-reniers-746177-unsplash.jpg\" class=\"img-responsive img-thumpost\" alt=\"\" \/>\n                          <\/figure><div class=\"sabbi-thumlinepost-card-meta\">\n                        <h2 class=\"info-box-title ht-5\">Immunology: T-cell tweaks to target tumours<\/h2><p>Lorem ipsum dolor sit amet, con adipiscing elit. Etiam convallis elit id impedie. Quisq commodo<\/p>\n<a href=\"#\" title=\"btn title\" target=\"_self\" class=\"btn btn-unsolemn btn-action read-more\">read more<\/a><\/div>\n                <\/article><\/div><\/div><div class=\"kc-elm kc-css-5757 kc_col-sm-3 kc_column kc_col-sm-3\"><div class=\"kc-col-container\"> <article class=\"sabbi-thumlinepost-card solitude-bg__x kc-elm kc-css-756022\"><figure class=\"sabbi-thumlinepost-card-figure\">\n                           <img decoding=\"async\" width=\"271\" height=\"211\" src=\"http:\/\/bech.truni.sk\/wp-content\/uploads\/2018\/09\/louis-reed-747379-unsplash.jpg\" class=\"img-responsive img-thumpost\" alt=\"\" \/>\n                          <\/figure><div class=\"sabbi-thumlinepost-card-meta\">\n                        <h2 class=\"info-box-title ht-5\">Molecular biology: RNA editing packs a two punch<\/h2><p>Lorem ipsum dolor sit amet, con adipiscing elit. Etiam convallis elit id impedie. Quisq commodo<\/p>\n<a href=\"#\" title=\"\" target=\"_self\" class=\"btn btn-unsolemn btn-action read-more\">read more<\/a><\/div>\n                <\/article><\/div><\/div><div class=\"kc-elm kc-css-239761 kc_col-sm-3 kc_column kc_col-sm-3\"><div class=\"kc-col-container\"> <article class=\"sabbi-thumlinepost-card solitude-bg__x kc-elm kc-css-843991\"><figure class=\"sabbi-thumlinepost-card-figure\">\n                           <img decoding=\"async\" width=\"271\" height=\"211\" src=\"http:\/\/bech.truni.sk\/wp-content\/uploads\/2018\/09\/holger-link-744074-unsplash.jpg\" class=\"img-responsive img-thumpost\" alt=\"\" \/>\n                          <\/figure><div class=\"sabbi-thumlinepost-card-meta\">\n                        <h2 class=\"info-box-title ht-5\">Cardiovascular disease: Commonality with cancer<\/h2><p>Lorem ipsum dolor sit amet, con adipiscing elit. Etiam convallis elit id impedie. Quisq commodo<\/p>\n<a href=\"#\" title=\"\" target=\"_self\" class=\"btn btn-unsolemn btn-action read-more\">read more<\/a><\/div>\n                <\/article><\/div><\/div><div class=\"kc-elm kc-css-297603 kc_col-sm-3 kc_column kc_col-sm-3\"><div class=\"kc-col-container\"> <article class=\"sabbi-thumlinepost-card solitude-bg__x kc-elm kc-css-853086\"><figure class=\"sabbi-thumlinepost-card-figure\">\n                           <img loading=\"lazy\" decoding=\"async\" width=\"271\" height=\"211\" src=\"http:\/\/bech.truni.sk\/wp-content\/uploads\/2018\/09\/ousa-chea-552189-unsplash.jpg\" class=\"img-responsive img-thumpost\" alt=\"\" \/>\n                          <\/figure><div class=\"sabbi-thumlinepost-card-meta\">\n                        <h2 class=\"info-box-title ht-5\">Immunology: T-cell tweaks to target tumours<\/h2><p>Lorem ipsum dolor sit amet, con adipiscing elit. Etiam convallis elit id impedie. Quisq commodo<\/p>\n<a href=\"#\" title=\"\" target=\"_self\" class=\"btn btn-unsolemn btn-action read-more\">read more<\/a><\/div>\n                <\/article><\/div><\/div><\/div><\/div><\/section><section class=\"kc-elm kc-css-943728 kc_row\"><div class=\"kc-row-container  kc-container\"><div class=\"kc-wrap-columns\"><div class=\"kc-elm kc-css-208173 kc_col-sm-7 kc_column kc_col-sm-7\"><div class=\"kc-col-container\"> <article class=\"sabbi-thumlinepost-card solitude-bg__x kc-elm kc-css-3323\">\n                    <h2 class=\"entry-title ht-4\">Poslanie \u010dasopisu<\/h2>\n                    <div class=\"sabbi-thumlinepost-card-meta\">\n                        <\/p>\n<p>Prim\u00e1rnym poslan\u00edm \u010dasopisu <em>Biol\u00f3gia, ekol\u00f3gia, ch\u00e9mia<\/em>\u00a0je publikova\u0165 p\u00f4vodn\u00e9 v\u00fdskumn\u00e9 pr\u00e1ce z oblasti pr\u00edrodovedn\u00e9ho vzdel\u00e1vania. V r\u00e1mci \u010fal\u0161\u00edch rubr\u00edk sa ponech\u00e1va priestor aj na populariz\u00e1ciu biol\u00f3gie, ekol\u00f3gie a\u00a0ch\u00e9mie prezentovan\u00edm aktu\u00e1lnych poznatkov a zauj\u00edmavost\u00ed z uveden\u00fdch pr\u00edrodovedn\u00fdch discipl\u00edn. D\u00f4le\u017eit\u00fdm cie\u013eom je poskytn\u00fa\u0165 podporu u\u010dite\u013eom z\u00a0praxe prostredn\u00edctvom r\u00f4znych metodick\u00fdch pr\u00edspevkov a\u00a0z\u00e1rove\u0148 ich vtiahnu\u0165 do publikovan\u00fdch akademick\u00fdch t\u00e9m.<\/p>\n<p>V\u0161etky \u010dl\u00e1nky publikovan\u00e9 v\u00a0\u010dasopise s\u00fa recenzovan\u00e9.<\/p>\n<p>\n\n                        <a href=\"http:\/\/testv4.truni.sk\/index.php\/scope\/\" title=\"Zameranie \u010dasopisu\" target=\"_self\" class=\"btn btn-unsolemn btn-action read-more\">Viac...<\/a>\n                    <\/div>\n                <\/article><\/div><\/div><div class=\"kc-elm kc-css-192726 kc_col-sm-5 kc_column kc_col-sm-5\"><div class=\"kc-col-container\"><article class=\"news-card sabbi-thumlinepost-card solitude-bg__x kc-elm kc-css-360308 kc-animated kc-animate-eff-fadeIn\"><h2 class=\"stage-title\">Term\u00edny uz\u00e1vierky<\/h2><ul class=\"list-unstyled lst_news_list\" tabindex=\"0\"><li class=\"lst_news_item\">\n                        <h3 class=\"title mg_0\"><a href=\"http:\/\/bech.truni.sk\/index.php\/rushmore_event\/1-2025\/\">1. \u010d\u00edslo, ro\u010dn\u00edk 28, 2025<\/a><\/h3>\n                        <div>\n                            <span class=\"date\">1740700800<\/span>\n                        <\/div>\n                    <\/li><li class=\"lst_news_item\">\n                        <h3 class=\"title mg_0\"><a href=\"http:\/\/bech.truni.sk\/index.php\/rushmore_event\/17th-batch-msc-students-reunion-2\/\">2. \u010d\u00edslo, ro\u010dn\u00edk 28, 2025<\/a><\/h3>\n                        <div>\n                            <span class=\"date\">1748649600<\/span>\n                        <\/div>\n                    <\/li><li class=\"lst_news_item\">\n                        <h3 class=\"title mg_0\"><a href=\"http:\/\/bech.truni.sk\/index.php\/rushmore_event\/17th-batch-msc-students-reunion\/\">3. \u010d\u00edslo, ro\u010dn\u00edk 28, 2025<\/a><\/h3>\n                        <div>\n                            <span class=\"date\">1756598400<\/span>\n                        <\/div>\n                    <\/li><li class=\"lst_news_item\">\n                        <h3 class=\"title mg_0\"><a href=\"http:\/\/bech.truni.sk\/index.php\/rushmore_event\/16th-batch-msc-students-reunion\/\">4. \u010d\u00edslo, ro\u010dn\u00edk 28, 2025<\/a><\/h3>\n                        <div>\n                            <span class=\"date\">1761868800<\/span>\n                        <\/div>\n                    <\/li><\/ul><\/article><\/div><\/div><\/div><\/div><\/section><section class=\"kc-elm kc-css-396356 kc_row\"><div class=\"kc-row-container  kc-container\"><div class=\"kc-wrap-columns\"><div class=\"kc-elm kc-css-878061 kc_col-sm-12 kc_column kc_col-sm-12\"><div class=\"kc-col-container\"><div class=\"kc-elm kc-css-491758 kc_row kc_row_inner\"><div class=\"kc-elm kc-css-667159 kc_col-sm-12 kc_column_inner kc_col-sm-12\"><div class=\"kc_wrapper kc-col-inner-container\"><\/div><\/div><\/div><\/div><\/div><\/div><\/div><\/section><section class=\"kc-elm kc-css-733412 kc_row\"><div class=\"kc-row-container  kc-container\"><div class=\"kc-wrap-columns\"><div class=\"kc-elm kc-css-607495 kc_col-sm-4 kc_column kc_col-sm-4\"><div class=\"kc-col-container\">\n<div class=\"kc-elm kc-css-357809 kc-title-wrap \">\n\n\t<h2 class=\"kc_title\">Abstrahovanie a indexovanie<\/h2>\n<\/div>\n<div class=\"kc-elm kc-css-423314 kc_text_block\"><\/p>\n<p>Abstrakty \u010dl\u00e1nkov z \u010dasopisu <em>Biol\u00f3gia, ekol\u00f3gia, ch\u00e9mia<\/em> s\u00fa registrovan\u00e9 v datab\u00e1ze Ebsco a indexovan\u00e9 cez Crrossref.<\/p>\n<p>\n<\/div><div class=\"kc-elm kc-css-238297\" style=\"height: 15px; clear: both; width:100%;\"><\/div><div class=\"kc-elm kc-css-567191 kc_row kc_row_inner\"><div class=\"kc-elm kc-css-251054 kc_col-sm-6 kc_column_inner kc_col-sm-6\"><div class=\"kc_wrapper kc-col-inner-container\"><div class=\"kc-elm kc-css-654332 kc_shortcode kc_single_image\">\n\n        <img decoding=\"async\" src=\"http:\/\/bech.truni.sk\/wp-content\/uploads\/2022\/01\/Crossref_Logo-117x76xc.png\" class=\"\" alt=\"\" \/>    <\/div>\n<\/div><\/div><div class=\"kc-elm kc-css-558553 kc_col-sm-6 kc_column_inner kc_col-sm-6\"><div class=\"kc_wrapper kc-col-inner-container\"><div class=\"kc-elm kc-css-309853 kc_shortcode kc_single_image\">\n\n        <img decoding=\"async\" src=\"http:\/\/bech.truni.sk\/wp-content\/uploads\/2022\/01\/ebsco-78x78xc.png\" class=\"\" alt=\"\" \/>    <\/div>\n<\/div><\/div><\/div><div class=\"kc-elm kc-css-323523\" style=\"height: 15px; clear: both; width:100%;\"><\/div><div class=\"kc-elm kc-css-585599\" style=\"height: 15px; clear: both; width:100%;\"><\/div><a href=\"http:\/\/bech.truni.sk\/index.php\/journal-articles\/\" title=\"Arch\u00edv\" target=\"_blank\" class=\"btn btn-unsolemn btn-action read-more kc-elm kc-css-118661\">\u010c\u00edta\u0165 \u010dl\u00e1nky...<\/a><\/div><\/div><div class=\"kc-elm kc-css-901116 kc_col-sm-8 kc_column kc_col-sm-8\"><div class=\"kc-col-container\"><\/div><\/div><\/div><\/div><\/section><section class=\"kc-elm kc-css-730124 kc_row\"><div class=\"kc-row-container  kc-container\"><div class=\"kc-wrap-columns\"><div class=\"kc-elm kc-css-191445 kc_col-sm-4 kc_column kc_col-sm-4\"><div class=\"kc-col-container\"><\/div><\/div><div class=\"kc-elm kc-css-163534 kc_col-sm-8 kc_column kc_col-sm-8\"><div class=\"kc-col-container\"><\/div><\/div><\/div><\/div><\/section><section class=\"kc-elm kc-css-853340 kc_row team-row\"><div class=\"kc-row-container  kc-container\"><div class=\"kc-wrap-columns\"><div class=\"kc-elm kc-css-81232 kc_col-sm-12 kc_column kc_col-sm-12\"><div class=\"kc-col-container\">\n<div class=\"kc-elm kc-css-747547 kc-title-wrap \">\n\n\t<h1 class=\"kc_title\"><a href=\"http:\/\/testv4.truni.sk\/index.php\/journal_article\/invazna-ekologia\/\" class=\"kc_title_link\" title=\"Inv\u00e1zna ekol\u00f3gia.\" target=\"\">Najnov\u0161ie \u010dl\u00e1nky<\/a><\/h1>\n<\/div>\n<div class=\"col-sm-6 col-md-4\">\n                    <div class=\"profile-card profile-card-meta_classic kc-elm kc-css-356066\">\n                        <figure>\n                             \n                            <figcaption><a href=\"http:\/\/bech.truni.sk\/index.php\/rushmore_teams\/orolinova\/\"><h3 class=\"fig-title\">Editor<\/h3><\/a><div class=\"fig-title-des\">PaedDr. M\u00e1ria Orol\u00ednov\u00e1, PhD.<br>\r\n<br>\r\nEditor \u010dasopisu<br>\r\n<\/div><div class=\"fig-meta\"><\/div>\n                            <\/figcaption>\n                        <\/figure><\/div>\n                <\/div><div class=\"col-sm-6 col-md-4\">\n                    <div class=\"profile-card profile-card-meta_classic kc-elm kc-css-356066\">\n                        <figure>\n                             \n                            <figcaption><a href=\"http:\/\/bech.truni.sk\/index.php\/rushmore_teams\/proksa\/\"><h3 class=\"fig-title\">prof. RNDr. Miroslav Prok\u0161a, CSc.<\/h3><\/a><div class=\"fig-title-des\">\u010dlen redak\u010dnej rady<\/div><div class=\"fig-meta\"><\/div>\n                            <\/figcaption>\n                        <\/figure><\/div>\n                <\/div><div class=\"team-clearfix\"><\/div><div class=\"col-sm-6 col-md-4\">\n                    <div class=\"profile-card profile-card-meta_classic kc-elm kc-css-356066\">\n                        <figure>\n                             \n                            <figcaption><a href=\"http:\/\/bech.truni.sk\/index.php\/rushmore_teams\/jafar-juardar\/\"><h3 class=\"fig-title\">doc. RNDr. Jarmila Kme\u0165ov\u00e1, PhD.<\/h3><\/a><div class=\"fig-title-des\">\u010dlenka redak\u010dnej rady<\/div><div class=\"fig-meta\"><\/div>\n                            <\/figcaption>\n                        <\/figure><\/div>\n                <\/div><div class=\"action-wrap text-right-sm kc-elm kc-css-356066\"><a href=\"https:\/\/academix.wpcolorlab.com\/our-team\/\" title=\"\" target=\"_blank\" class=\"btn btn-unsolemn btn-action\">View all<\/a><\/div><\/div><\/div><\/div><\/div><\/section><section class=\"kc-elm kc-css-373652 kc_row\"><div class=\"kc-row-container  kc-container\"><div class=\"kc-wrap-columns\"><div class=\"kc-elm kc-css-729869 kc_col-sm-12 kc_column kc_col-sm-12\"><div class=\"kc-col-container\"><div class=\"kc-elm kc-css-616078 kc_row kc_row_inner\"><div class=\"kc-elm kc-css-364781 kc_col-sm-12 kc_column_inner kc_col-sm-12\"><div class=\"kc_wrapper kc-col-inner-container\"><div class=\"paper_cut kc-elm kc-css-373911 kc-animated kc-animate-eff-fadeIn\"><div class=\"pub-item with-icon\">\n                    <div class=\"elem-wrapper\">\n                        <i class=\"ion-ios-paper-outline\"><\/i>\n                    <\/div>\n                    <div class=\"content-wrapper\">\n                        <h3 class=\"title mb_0\">\u010cesk\u00e1 spolo\u010dnos\u0165 pre ekol\u00f3giu (\u010cSPE).<\/h3>\n                        <div class=\"slc_des\">\n                            <div class=\"authr\">Eli\u00e1\u0161, P.<\/div>\n                        <\/div>\n                        <div class=\"description\">\n                            <a class=\"link-with-icon\" href=\"http:\/\/bech.truni.sk\/article\/2021_1_4.pdf\" target=\"black\"><i class=\"ion-ios-browsers-outline\"><\/i>FULL TEXT in PDF<\/a>\n                        <\/div>\n                  \n                <\/div>\n            <\/div><\/div><\/div><\/div><\/div><\/div><\/div><\/div><\/div><\/section><\/p>\n","protected":false},"excerpt":{"rendered":"","protected":false},"author":1,"featured_media":0,"parent":0,"menu_order":0,"comment_status":"closed","ping_status":"closed","template":"","meta":{"footnotes":""},"class_list":["post-1796","page","type-page","status-publish","hentry"],"_links":{"self":[{"href":"http:\/\/bech.truni.sk\/index.php\/wp-json\/wp\/v2\/pages\/1796","targetHints":{"allow":["GET"]}}],"collection":[{"href":"http:\/\/bech.truni.sk\/index.php\/wp-json\/wp\/v2\/pages"}],"about":[{"href":"http:\/\/bech.truni.sk\/index.php\/wp-json\/wp\/v2\/types\/page"}],"author":[{"embeddable":true,"href":"http:\/\/bech.truni.sk\/index.php\/wp-json\/wp\/v2\/users\/1"}],"replies":[{"embeddable":true,"href":"http:\/\/bech.truni.sk\/index.php\/wp-json\/wp\/v2\/comments?post=1796"}],"version-history":[{"count":72,"href":"http:\/\/bech.truni.sk\/index.php\/wp-json\/wp\/v2\/pages\/1796\/revisions"}],"predecessor-version":[{"id":2663,"href":"http:\/\/bech.truni.sk\/index.php\/wp-json\/wp\/v2\/pages\/1796\/revisions\/2663"}],"wp:attachment":[{"href":"http:\/\/bech.truni.sk\/index.php\/wp-json\/wp\/v2\/media?parent=1796"}],"curies":[{"name":"wp","href":"https:\/\/api.w.org\/{rel}","templated":true}]}}