{"id":198,"date":"2017-08-01T09:00:06","date_gmt":"2017-08-01T09:00:06","guid":{"rendered":"http:\/\/rushmore.wpcolorlab.com\/?page_id=198"},"modified":"2022-01-07T00:04:21","modified_gmt":"2022-01-06T23:04:21","slug":"redakcia","status":"publish","type":"page","link":"http:\/\/bech.truni.sk\/index.php\/redakcia\/","title":{"rendered":"Redak\u010dn\u00e1 rada"},"content":{"rendered":"<p><section class=\"kc-elm kc-css-609633 kc_row\"><div class=\"kc-row-container  kc-container\"><div class=\"kc-wrap-columns\"><div class=\"kc-elm kc-css-507695 kc_col-sm-4 kc_column kc_col-sm-4\"><div class=\"kc-col-container\"><\/div><\/div><div class=\"kc-elm kc-css-808164 kc_col-sm-8 kc_column kc_col-sm-8\"><div class=\"kc-col-container\"><\/div><\/div><\/div><\/div><\/section><section class=\"kc-elm kc-css-571132 kc_row\"><div class=\"kc-row-container  kc-container\"><div class=\"kc-wrap-columns\"><div class=\"kc-elm kc-css-6388 kc_col-sm-12 kc_column kc_col-sm-12\"><div class=\"kc-col-container\"><div class=\"col-sm-6 col-md-4\">\n                    <div class=\"profile-card profile-card-meta_classic kc-elm kc-css-743558\">\n                        <figure>\n                             \n                            <figcaption><a href=\"http:\/\/bech.truni.sk\/index.php\/rushmore_teams\/gavurnikova\/\"><h3 class=\"fig-title\">RNDr. Gabriela Gavurn\u00edkov\u00e1, CSc.<\/h3><\/a><div class=\"fig-title-des\">\u010dlenka redak\u010dnej rady<\/div><div class=\"fig-meta\"><p class=\"fig-mail\"><strong>Email:<\/strong> <span>gabriela.gavurnikova@cvtisr.sk<\/span><\/p><\/div>\n                            <\/figcaption>\n                        <\/figure><\/div>\n                <\/div><div class=\"col-sm-6 col-md-4\">\n                    <div class=\"profile-card profile-card-meta_classic kc-elm kc-css-743558\">\n                        <figure>\n                             \n                            <figcaption><a href=\"http:\/\/bech.truni.sk\/index.php\/rushmore_teams\/proksa\/\"><h3 class=\"fig-title\">prof. RNDr. Miroslav Prok\u0161a, CSc.<\/h3><\/a><div class=\"fig-title-des\">\u010dlen redak\u010dnej rady<\/div><div class=\"fig-meta\"><p class=\"fig-mail\"><strong>Email:<\/strong> <span>miroslav.proksa@uniba.sk<\/span><\/p><\/div>\n                            <\/figcaption>\n                        <\/figure><\/div>\n                <\/div><div class=\"team-clearfix\"><\/div><div class=\"col-sm-6 col-md-4\">\n                    <div class=\"profile-card profile-card-meta_classic kc-elm kc-css-743558\">\n                        <figure>\n                             \n                            <figcaption><a href=\"http:\/\/bech.truni.sk\/index.php\/rushmore_teams\/elias\/\"><h3 class=\"fig-title\">prof. RNDr. Pavol Eli\u00e1\u0161, CSc.<\/h3><\/a><div class=\"fig-title-des\">\u010dlen redak\u010dnej rady<\/div><div class=\"fig-meta\"><p class=\"fig-mail\"><strong>Email:<\/strong> <span>pavol.elias149@gmail.com<\/span><\/p><\/div>\n                            <\/figcaption>\n                        <\/figure><\/div>\n                <\/div><div class=\"col-sm-6 col-md-4\">\n                    <div class=\"profile-card profile-card-meta_classic kc-elm kc-css-743558\">\n                        <figure>\n                             \n                            <figcaption><a href=\"http:\/\/bech.truni.sk\/index.php\/rushmore_teams\/mike-joe\/\"><h3 class=\"fig-title\">prof. PhDr. \u013dubom\u00edr Held, CSc.<\/h3><\/a><div class=\"fig-title-des\">\u010dlen redak\u010dnej rady<\/div><div class=\"fig-meta\"><p class=\"fig-mail\"><strong>Email:<\/strong> <span>lubomir.held@truni.sk<\/span><\/p><\/div>\n                            <\/figcaption>\n                        <\/figure><\/div>\n                <\/div><div class=\"team-clearfix\"><\/div><div class=\"col-sm-6 col-md-4\">\n                    <div class=\"profile-card profile-card-meta_classic kc-elm kc-css-743558\">\n                        <figure>\n                             \n                            <figcaption><a href=\"http:\/\/bech.truni.sk\/index.php\/rushmore_teams\/prof-rndr-marta-kollarova-drsc\/\"><h3 class=\"fig-title\">prof. RNDr. Marta Koll\u00e1rov\u00e1, DrSc.<\/h3><\/a><div class=\"fig-title-des\">\u010dlenka redak\u010dnej rady<\/div><div class=\"fig-meta\"><p class=\"fig-mail\"><strong>Email:<\/strong> <span>marta.kollarova@uniba.sk<\/span><\/p><\/div>\n                            <\/figcaption>\n                        <\/figure><\/div>\n                <\/div><div class=\"col-sm-6 col-md-4\">\n                    <div class=\"profile-card profile-card-meta_classic kc-elm kc-css-743558\">\n                        <figure>\n                             \n                            <figcaption><a href=\"http:\/\/bech.truni.sk\/index.php\/rushmore_teams\/susmita-sen\/\"><h3 class=\"fig-title\">doc. Ing. J\u00e1n Reguli, CSc.<\/h3><\/a><div class=\"fig-title-des\">\u010dlen redak\u010dnej rady<\/div><div class=\"fig-meta\"><p class=\"fig-mail\"><strong>Email:<\/strong> <span>jreguli@gmail.com<\/span><\/p><\/div>\n                            <\/figcaption>\n                        <\/figure><\/div>\n                <\/div><div class=\"team-clearfix\"><\/div><div class=\"col-sm-6 col-md-4\">\n                    <div class=\"profile-card profile-card-meta_classic kc-elm kc-css-743558\">\n                        <figure>\n                             \n                            <figcaption><a href=\"http:\/\/bech.truni.sk\/index.php\/rushmore_teams\/doc-rndr-ludmila-slovakova-csc\/\"><h3 class=\"fig-title\">doc. RNDr. \u013dudmila Slov\u00e1kov\u00e1, CSc.<\/h3><\/a><div class=\"fig-title-des\">\u010dlenka redak\u010dnej rady<\/div><div class=\"fig-meta\"><p class=\"fig-mail\"><strong>Email:<\/strong> <span>ludmila.slovakova@uniba.sk<\/span><\/p><\/div>\n                            <\/figcaption>\n                        <\/figure><\/div>\n                <\/div><div class=\"col-sm-6 col-md-4\">\n                    <div class=\"profile-card profile-card-meta_classic kc-elm kc-css-743558\">\n                        <figure>\n                             \n                            <figcaption><a href=\"http:\/\/bech.truni.sk\/index.php\/rushmore_teams\/jafar-juardar\/\"><h3 class=\"fig-title\">doc. RNDr. Jarmila Kme\u0165ov\u00e1, PhD.<\/h3><\/a><div class=\"fig-title-des\">\u010dlenka redak\u010dnej rady<\/div><div class=\"fig-meta\"><p class=\"fig-mail\"><strong>Email:<\/strong> <span>Jarmila.Kmetova@umb.sk<\/span><\/p><\/div>\n                            <\/figcaption>\n                        <\/figure><\/div>\n                <\/div><div class=\"team-clearfix\"><\/div><div class=\"col-sm-6 col-md-4\">\n                    <div class=\"profile-card profile-card-meta_classic kc-elm kc-css-743558\">\n                        <figure>\n                             \n                            <figcaption><a href=\"http:\/\/bech.truni.sk\/index.php\/rushmore_teams\/prof-rndr-eva-miadokova-drsc\/\"><h3 class=\"fig-title\">prof. RNDr. Eva Miadokov\u00e1, DrSc.<\/h3><\/a><div class=\"fig-title-des\">\u010dlenka redak\u010dnej rady<\/div><div class=\"fig-meta\"><p class=\"fig-mail\"><strong>Email:<\/strong> <span>eva.miadokova@uniba.sk<\/span><\/p><\/div>\n                            <\/figcaption>\n                        <\/figure><\/div>\n                <\/div><div class=\"col-sm-6 col-md-4\">\n                    <div class=\"profile-card profile-card-meta_classic kc-elm kc-css-743558\">\n                        <figure>\n                             \n                            <figcaption><a href=\"http:\/\/bech.truni.sk\/index.php\/rushmore_teams\/alex-machiavelli-2\/\"><h3 class=\"fig-title\">prof. RNDr. Ivan Varga, PhD.<\/h3><\/a><div class=\"fig-title-des\">\u010dlen redak\u010dnej rady <\/div><div class=\"fig-meta\"><p class=\"fig-mail\"><strong>Email:<\/strong> <span>ivan.varga@fmed.uniba.sk<\/span><\/p><\/div>\n                            <\/figcaption>\n                        <\/figure><\/div>\n                <\/div><div class=\"team-clearfix\"><\/div><div class=\"col-sm-6 col-md-4\">\n                    <div class=\"profile-card profile-card-meta_classic kc-elm kc-css-743558\">\n                        <figure>\n                             \n                            <figcaption><a href=\"http:\/\/bech.truni.sk\/index.php\/rushmore_teams\/doc-rndr-zlatica-orsaghova-csc\/\"><h3 class=\"fig-title\">doc. RNDr. Zlatica Ors\u00e1ghov\u00e1, CSc.<\/h3><\/a><div class=\"fig-title-des\">\u010dlenka redak\u010dnej rady<\/div><div class=\"fig-meta\"><p class=\"fig-mail\"><strong>Email:<\/strong> <span>zlatica.orszaghova@uniba.sk<\/span><\/p><\/div>\n                            <\/figcaption>\n                        <\/figure><\/div>\n                <\/div><div class=\"col-sm-6 col-md-4\">\n                    <div class=\"profile-card profile-card-meta_classic kc-elm kc-css-743558\">\n                        <figure>\n                             \n                            <figcaption><a href=\"http:\/\/bech.truni.sk\/index.php\/rushmore_teams\/alex-machiavelli\/\"><h3 class=\"fig-title\">doc. PaedDr. Katar\u00edna Kotu\u013e\u00e1kov\u00e1, PhD.<\/h3><\/a><div class=\"fig-title-des\">\u010dlenka redak\u010dnej rady<\/div><div class=\"fig-meta\"><p class=\"fig-mail\"><strong>Email:<\/strong> <span>katarina.kotulakova@truni.sk<\/span><\/p><\/div>\n                            <\/figcaption>\n                        <\/figure><\/div>\n                <\/div><div class=\"team-clearfix\"><\/div><div class=\"col-sm-6 col-md-4\">\n                    <div class=\"profile-card profile-card-meta_classic kc-elm kc-css-743558\">\n                        <figure>\n                             \n                            <figcaption><a href=\"http:\/\/bech.truni.sk\/index.php\/rushmore_teams\/lilain\/\"><h3 class=\"fig-title\">doc. RNDr. Jozef Tatiersky, PhD.<\/h3><\/a><div class=\"fig-title-des\">\u010dlen redak\u010dnej rady <\/div><div class=\"fig-meta\"><p class=\"fig-mail\"><strong>Email:<\/strong> <span>jozef.tatiersky@uniba.sk<\/span><\/p><\/div>\n                            <\/figcaption>\n                        <\/figure><\/div>\n                <\/div><div class=\"col-sm-6 col-md-4\">\n                    <div class=\"profile-card profile-card-meta_classic kc-elm kc-css-743558\">\n                        <figure>\n                             \n                            <figcaption><a href=\"http:\/\/bech.truni.sk\/index.php\/rushmore_teams\/micheal-jonson\/\"><h3 class=\"fig-title\">doc. PaedDr. Jana Fan\u010dovi\u010dov\u00e1, PhD.<\/h3><\/a><div class=\"fig-title-des\">\u010dlenka redak\u010dnej rady <\/div><div class=\"fig-meta\"><p class=\"fig-mail\"><strong>Email:<\/strong> <span>jana.fancovicova@truni.sk<\/span><\/p><\/div>\n                            <\/figcaption>\n                        <\/figure><\/div>\n                <\/div><div class=\"team-clearfix\"><\/div><div class=\"col-sm-6 col-md-4\">\n                    <div class=\"profile-card profile-card-meta_classic kc-elm kc-css-743558\">\n                        <figure>\n                             \n                            <figcaption><a href=\"http:\/\/bech.truni.sk\/index.php\/rushmore_teams\/rndr-lenka-prazenkova\/\"><h3 class=\"fig-title\">RNDr. Lenka Pra\u017eenkov\u00e1<\/h3><\/a><div class=\"fig-title-des\">\u010dlenka redak\u010dnej rady<\/div><div class=\"fig-meta\"><p class=\"fig-mail\"><strong>Email:<\/strong> <span>Lenka.Prazenkova@gymls.sk<\/span><\/p><\/div>\n                            <\/figcaption>\n                        <\/figure><\/div>\n                <\/div><\/div><\/div><\/div><\/div><\/section><section data-kc-fullwidth=\"row\" class=\"kc-elm kc-css-417136 kc_row\"><div class=\"kc-row-container  kc-container\"><div class=\"kc-wrap-columns\"><div class=\"kc-elm kc-css-878340 kc_col-sm-6 kc_column kc_col-sm-6\"><div class=\"kc-col-container\">\n<div class=\"kc-elm kc-css-140067 kc-title-wrap \">\n\n\t<h1 class=\"kc_title stage-title font-md lil-line\">Editor<br>PaedDr. M\u00e1ria Orol\u00ednov\u00e1, PhD.<\/h1>\n<\/div>\n<div class=\"kc-elm kc-css-996313 kc_text_block\"><\/p>\n<p>bech@truni.sk<br \/>maria.orolinova@truni.sk<\/p>\n<p>+421 33 5939 515<\/p>\n<p>Katedra ch\u00e9mie<br \/>Pedagogick\u00e1 fakulta<br \/>Trnavsk\u00e1 univerzita v\u00a0Trnave<br \/>Priemyseln\u00e1 4<br \/>P. O. BOX 9<br \/>918 43 Trnava<br \/>Slovensko<\/p>\n<p>\n<\/div><\/div><\/div><div class=\"kc-elm kc-css-735363 kc_col-sm-6 kc_column kc_col-sm-6\"><div class=\"kc-col-container\"><\/div><\/div><\/div><\/div><\/section><\/p>\n","protected":false},"excerpt":{"rendered":"","protected":false},"author":1,"featured_media":2198,"parent":0,"menu_order":0,"comment_status":"closed","ping_status":"closed","template":"","meta":{"footnotes":""},"class_list":["post-198","page","type-page","status-publish","has-post-thumbnail","hentry"],"_links":{"self":[{"href":"http:\/\/bech.truni.sk\/index.php\/wp-json\/wp\/v2\/pages\/198","targetHints":{"allow":["GET"]}}],"collection":[{"href":"http:\/\/bech.truni.sk\/index.php\/wp-json\/wp\/v2\/pages"}],"about":[{"href":"http:\/\/bech.truni.sk\/index.php\/wp-json\/wp\/v2\/types\/page"}],"author":[{"embeddable":true,"href":"http:\/\/bech.truni.sk\/index.php\/wp-json\/wp\/v2\/users\/1"}],"replies":[{"embeddable":true,"href":"http:\/\/bech.truni.sk\/index.php\/wp-json\/wp\/v2\/comments?post=198"}],"version-history":[{"count":22,"href":"http:\/\/bech.truni.sk\/index.php\/wp-json\/wp\/v2\/pages\/198\/revisions"}],"predecessor-version":[{"id":2485,"href":"http:\/\/bech.truni.sk\/index.php\/wp-json\/wp\/v2\/pages\/198\/revisions\/2485"}],"wp:featuredmedia":[{"embeddable":true,"href":"http:\/\/bech.truni.sk\/index.php\/wp-json\/wp\/v2\/media\/2198"}],"wp:attachment":[{"href":"http:\/\/bech.truni.sk\/index.php\/wp-json\/wp\/v2\/media?parent=198"}],"curies":[{"name":"wp","href":"https:\/\/api.w.org\/{rel}","templated":true}]}}