{"id":275,"date":"2017-08-02T11:37:36","date_gmt":"2017-08-02T11:37:36","guid":{"rendered":"http:\/\/rushmore.wpcolorlab.com\/?page_id=275"},"modified":"2022-01-06T22:54:20","modified_gmt":"2022-01-06T21:54:20","slug":"scope","status":"publish","type":"page","link":"http:\/\/bech.truni.sk\/index.php\/scope\/","title":{"rendered":"Zameranie \u010dasopisu"},"content":{"rendered":"<p><section class=\"kc-elm kc-css-551759 kc_row\"><div class=\"kc-row-container  kc-container\"><div class=\"kc-wrap-columns\"><div class=\"kc-elm kc-css-509877 kc_col-sm-4 kc_column kc_col-sm-4\"><div class=\"kc-col-container\">\n<div class=\"kc-elm kc-css-975475 kc-title-wrap \">\n\n\t<h2 class=\"kc_title\">\u010casopis orientovan\u00fd <br>na v\u00fdskum, te\u00f3riu\r\na prax <br>v pr\u00edrodovednom vzdel\u00e1van\u00ed<\/h2>\n<\/div>\n<\/div><\/div><div class=\"kc-elm kc-css-60152 kc_col-sm-8 kc_column kc_col-sm-8\"><div class=\"kc-col-container\"><div class=\"kc-elm kc-css-119130 kc_text_block\"><\/p>\n<p style=\"text-align: left;\">\u010casopis Biol\u00f3gia, ekol\u00f3gia, ch\u00e9mia (BECH) sa zameriava na problematiku pr\u00edrodovedn\u00e9ho vzdel\u00e1vania, na p\u00f4vodn\u00e9 vedeck\u00e9 \u0161t\u00fadie v uvedenej oblasti, prin\u00e1\u0161a inform\u00e1cie o vedeck\u00fdch objavoch a \u00a0zauj\u00edmavostiach v biol\u00f3gii, ekol\u00f3gii a ch\u00e9mii.<\/p>\n<p style=\"text-align: left;\">\u010casopis informuje o nov\u00fdch u\u010debniciach a publik\u00e1ci\u00e1ch, inovat\u00edvnych pr\u00edstupoch vo vzdel\u00e1van\u00ed a poskytuje inform\u00e1cie o \u017eiackych pr\u00edrodovedn\u00fdch s\u00fa\u0165a\u017eiach. Na str\u00e1nkach \u010dasopisu n\u00e1jdete tie\u017e recenzie publik\u00e1ci\u00ed, profily v\u00fdnimo\u010dn\u00fdch osobnost\u00ed a koment\u00e1re \u010ditate\u013eov k r\u00f4znym aktu\u00e1lnym t\u00e9mam.<\/p>\n<p style=\"text-align: left;\">\u010casopis vytv\u00e1ra a poskytuje priestor na prepojenie te\u00f3rie, v\u00fdskumu a praxe v oblasti pr\u00edrodovedn\u00e9ho vzdel\u00e1vania.<br \/>V\u0161etky \u010dl\u00e1nky publikovan\u00e9 v \u010dasopise Biol\u00f3gia, ekol\u00f3gia, ch\u00e9mia s\u00fa recenzovan\u00e9.<\/p>\n<p>\n<\/div><\/div><\/div><\/div><\/div><\/section><section class=\"kc-elm kc-css-130023 kc_row\"><div class=\"kc-row-container  kc-container\"><div class=\"kc-wrap-columns\"><div class=\"kc-elm kc-css-424327 kc_col-sm-12 kc_column kc_col-sm-12\"><div class=\"kc-col-container\">\n<div class=\"kc-elm kc-css-295876 kc-animated kc-animate-eff-fadeIn kc-title-wrap \">\n\n\t<h2 class=\"kc_title\">Rubriky \u010dasopisu<\/h2>\n<\/div>\n<\/div><\/div><\/div><\/div><\/section><section class=\"kc-elm kc-css-794795 kc_row\"><div class=\"kc-row-container  kc-container\"><div class=\"kc-wrap-columns\"><div class=\"kc-elm kc-css-245986 kc_col-sm-4 kc_column kc_col-sm-4\"><div class=\"kc-col-container\"> <div class=\"icon-card text-center kc-elm kc-css-949198\"><figure class=\"icon-card-limn\">\n                            <i class=\"ion-arrow-graph-up-right\"><\/i>\n                          <\/figure>\n                        <h3 class=\"card-title\">DIDAKTIKA PREDMETU<\/h3><p>origin\u00e1lne v\u00fdskumn\u00e9 pr\u00e1ce realizovan\u00e9 v r\u00e1mci jednotliv\u00fdch odborov\u00fdch didakt\u00edk, odborn\u00e9 \u0161t\u00fadie z oblasti pr\u00edrodovedn\u00e9ho vzdel\u00e1vania<\/p>\n\n                <\/div><\/div><\/div><div class=\"kc-elm kc-css-294558 kc_col-sm-4 kc_column kc_col-sm-4\"><div class=\"kc-col-container\"> <div class=\"icon-card text-center kc-elm kc-css-990325\"><figure class=\"icon-card-limn\">\n                            <i class=\"ion-erlenmeyer-flask\"><\/i>\n                          <\/figure>\n                        <h3 class=\"card-title\">ZAUJ\u00cdMAVOSTI VEDY<\/h3><p>odborn\u00e9 vedeck\u00e9 \u010dl\u00e1nky, <br \/>najnov\u0161ie vedeck\u00e9 objavy, <br \/>nov\u00e9 odborn\u00e9 publik\u00e1cie a pod.<\/p>\n\n                <\/div><\/div><\/div><div class=\"kc-elm kc-css-862831 kc_col-sm-4 kc_column kc_col-sm-4\"><div class=\"kc-col-container\"> <div class=\"icon-card text-center kc-elm kc-css-551663\"><figure class=\"icon-card-limn\">\n                            <i class=\"ion-ios-paper\"><\/i>\n                          <\/figure>\n                        <h3 class=\"card-title\">RECENZIE<\/h3><p>pos\u00fadenie nov\u00fdch publik\u00e1ci\u00ed<br \/>\nz pr\u00edrodovedn\u00fdch odborov<br \/>\nalebo z oblasti odborov\u00fdch didkat\u00edk<\/p>\n\n                <\/div><\/div><\/div><\/div><\/div><\/section><section class=\"kc-elm kc-css-385331 kc_row\"><div class=\"kc-row-container  kc-container\"><div class=\"kc-wrap-columns\"><div class=\"kc-elm kc-css-439668 kc_col-sm-6 kc_column kc_col-sm-6\"><div class=\"kc-col-container\"><div class=\"kc-elm kc-css-163479 kc_text_block\"><\/p>\n<h3>\u010eal\u0161ie rubriky<\/h3>\n<\/p>\n<ul>\n<li><strong>NOV\u00c9 U\u010cEBNICE <\/strong>&#8211;\u00a0nov\u00e9 u\u010debnice z biol\u00f3gie, ekol\u00f3gie, ch\u00e9mie<\/li>\n<li><strong>INFORMUJEME A PREDSTAVUJEME <\/strong>&#8211; rozli\u010dn\u00e9 aktu\u00e1lne inform\u00e1cie z r\u00f4znych podujat\u00ed v oblasti \u0161kolstva, inform\u00e1cie z M\u0160 SR, z vedeck\u00fdch in\u0161tit\u00faci\u00ed, \u0161tudijn\u00e9 smery, odbory univerz\u00edt v SR, vedeck\u00e9 pracovisk\u00e1, uplat\u0148ovanie absolventov<\/li>\n<li><strong>OLYMPI\u00c1DY A MIMO\u0160KOLSK\u00c9 AKTIVITY <\/strong>&#8211; inform\u00e1cie o biologick\u00fdch a chemick\u00fdch olympi\u00e1dach, podnety na samostatn\u00fa a z\u00e1ujmov\u00fa pr\u00e1cu \u017eiakov mimo vyu\u010dovacieho procesu<\/li>\n<li><strong>OSOBNOSTI A V\u00ddRO\u010cIA <\/strong>&#8211;\u00a0profil osobnost\u00ed z chemick\u00fdch a biologick\u00fdch vied, jubile\u00e1<\/li>\n<li><strong>N\u00c1ZORY A POLEMIKY <\/strong>&#8211; r\u00f4zne \u00favahy nad aktu\u00e1lnymi spolo\u010densk\u00fdmi ot\u00e1zkami, ktor\u00e9 sa dot\u00fdkaj\u00fa vzdel\u00e1vania v pr\u00edrodovednej oblasti<\/li>\n<li><strong>N\u00c1PADY A POSTREHY <\/strong>&#8211; rozli\u010dn\u00e9 n\u00e1mety pou\u017eite\u013en\u00e9 vo vyu\u010dovan\u00ed, pripomienky k u\u010debniciam, mo\u017enosti pou\u017e\u00edvania alternat\u00edvnych u\u010debn\u00edc, in\u00fdch pom\u00f4cok, demon\u0161trovanie pokusov a pod.<\/li>\n<li><strong>PRE\u010c\u00cdTALI SME ZA V\u00c1S <\/strong>&#8211;\u00a0upozornenie na zauj\u00edmav\u00e9 \u010dl\u00e1nky, knihy, weby<\/li>\n<\/ul>\n<p>\n<\/div><\/div><\/div><div class=\"kc-elm kc-css-271273 kc_col-sm-6 kc_column kc_col-sm-6\"><div class=\"kc-col-container\"><div class=\"kc-elm kc-css-316851 kc_shortcode kc_single_image\">\n\n        <img decoding=\"async\" src=\"http:\/\/bech.truni.sk\/wp-content\/uploads\/2017\/08\/books-2562331_1920-2-e1641243491393.jpg\" class=\"\" alt=\"\" \/>    <\/div>\n<\/div><\/div><\/div><\/div><\/section><\/p>\n","protected":false},"excerpt":{"rendered":"","protected":false},"author":1,"featured_media":1827,"parent":0,"menu_order":0,"comment_status":"closed","ping_status":"closed","template":"","meta":{"footnotes":""},"class_list":["post-275","page","type-page","status-publish","has-post-thumbnail","hentry"],"_links":{"self":[{"href":"http:\/\/bech.truni.sk\/index.php\/wp-json\/wp\/v2\/pages\/275","targetHints":{"allow":["GET"]}}],"collection":[{"href":"http:\/\/bech.truni.sk\/index.php\/wp-json\/wp\/v2\/pages"}],"about":[{"href":"http:\/\/bech.truni.sk\/index.php\/wp-json\/wp\/v2\/types\/page"}],"author":[{"embeddable":true,"href":"http:\/\/bech.truni.sk\/index.php\/wp-json\/wp\/v2\/users\/1"}],"replies":[{"embeddable":true,"href":"http:\/\/bech.truni.sk\/index.php\/wp-json\/wp\/v2\/comments?post=275"}],"version-history":[{"count":49,"href":"http:\/\/bech.truni.sk\/index.php\/wp-json\/wp\/v2\/pages\/275\/revisions"}],"predecessor-version":[{"id":2473,"href":"http:\/\/bech.truni.sk\/index.php\/wp-json\/wp\/v2\/pages\/275\/revisions\/2473"}],"wp:featuredmedia":[{"embeddable":true,"href":"http:\/\/bech.truni.sk\/index.php\/wp-json\/wp\/v2\/media\/1827"}],"wp:attachment":[{"href":"http:\/\/bech.truni.sk\/index.php\/wp-json\/wp\/v2\/media?parent=275"}],"curies":[{"name":"wp","href":"https:\/\/api.w.org\/{rel}","templated":true}]}}