{"id":523,"date":"2017-08-09T05:05:15","date_gmt":"2017-08-09T05:05:15","guid":{"rendered":"http:\/\/rushmore.wpcolorlab.com\/?page_id=523"},"modified":"2022-11-07T00:03:10","modified_gmt":"2022-11-06T23:03:10","slug":"pre-autorov","status":"publish","type":"page","link":"http:\/\/bech.truni.sk\/index.php\/pre-autorov\/","title":{"rendered":"Pokyny pre autorov"},"content":{"rendered":"<section class=\"kc-elm kc-css-412125 kc_row\"><div class=\"kc-row-container  kc-container\"><div class=\"kc-wrap-columns\"><div class=\"kc-elm kc-css-29133 kc_col-sm-8 kc_column kc_col-sm-8\"><div class=\"kc-col-container\"><div class=\"kc-elm kc-css-9744 kc_text_block\"><\/p>\n<p><span style=\"font-size: 10pt; font-family: open sans;\">Pr\u00edspevky musia by\u0165 dodan\u00e9 v elektronickej verzii mailom na adresu\u00a0<a style=\"font-family: open sans; color: #757a1f;\" href=\"mailto:bech@truni.sk\">bech@truni.sk<\/a>. Pr\u00edspevky p\u00ed\u0161te v textovom editore s v\u00fdstupom vo form\u00e1te .rtf, .docx alebo .odt. Prilo\u017ete aj jednu podp\u00edsan\u00fa fotok\u00f3piu.<\/span><\/p>\n<p><span style=\"font-size: 10pt; font-family: open sans;\">Autori na konci pr\u00edspevku uved\u00fa cel\u00e9 meno, priezvisko a\u00a0titul, adresu pracoviska, pracovn\u00e9 zaradenie.<\/span><br \/>\n<span style=\"font-size: 10pt; font-family: open sans;\">Vedeck\u00e9 \u0161t\u00fadie a odborn\u00e9 pr\u00edspevky by mali ma\u0165 rozsah 5 a\u017e 8 normostr\u00e1n (jedna normostrana zodpoved\u00e1 30 riadkom po 60 znakov vr\u00e1tane medzier). Pr\u00edspevky informa\u010dn\u00e9ho charakteru by nemali by\u0165 dlh\u0161ie ako 3 normostrany.<br \/>\n<\/span><span style=\"font-size: 10pt; font-family: open sans;\">S\u00fa\u010das\u0165ou pr\u00edspevku je aj n\u00e1zov \u010dl\u00e1nku v anglickom jazyku, abstrakt a k\u013e\u00fa\u010dov\u00e9 slov\u00e1 v anglickom jazyku v rozsahu 5 riadkov.<\/span><br \/>\n<span style=\"font-size: 10pt; font-family: open sans;\">Zoznam literat\u00fary je potrebn\u00e9 citova\u0165 pod\u013ea normy STN ISO 690. Priv\u00edtame dodanie obrazov\u00e9ho materi\u00e1lu v\u00a0dobrej kvalite.<\/span><br \/>\n<span style=\"font-size: 10pt; font-family: open sans;\">Pr\u00edspevky s\u00fa recenzovan\u00e9.\u00a0<\/span><\/p>\n<p>\n<\/div><\/div><\/div><div class=\"kc-elm kc-css-463194 kc_col-sm-4 kc_column kc_col-sm-4\"><div class=\"kc-col-container\"><div class=\"addr_future_memb kc-elm kc-css-64002\"><h4 class=\"entry-title\">Adresa redakcie<\/h4><div class=\"address-entry\"><p class=\"__ad-num\">Katedra ch\u00e9mie\r<\/p><p class=\"__ad-num\">Pedagogick\u00e1 fakulta\r<\/p><p class=\"__ad-num\">Trnavsk\u00e1 univerzita v Trnave\r<\/p><p class=\"__ad-num\">Priemyseln\u00e1 4\r<\/p><p class=\"__ad-num\">P. O. BOX 9\r<\/p><p class=\"__ad-num\">918 43 Trnava\r<\/p><p class=\"__ad-num\">Slovensko<\/p><\/div><\/div><div class=\"addr_future_memb contact-info kc-elm kc-css-98334\"><h4 class=\"entry-title\">Kontakty<\/h4><p class=\"__ci_num\"><\/p>\n<p><strong>Call:<\/strong> +421 33 5939 515<\/p>\n<p><strong>Email:<\/strong> bech@truni.sk<\/p>\n<p><\/p><\/div><a href=\"#\" title=\"btn title\" target=\"_self\" class=\"btn btn-action btn-gules kc-elm kc-css-52369\">Request For Feature Member<\/a><\/div><\/div><\/div><\/div><\/section>\n","protected":false},"excerpt":{"rendered":"","protected":false},"author":1,"featured_media":252,"parent":0,"menu_order":0,"comment_status":"closed","ping_status":"closed","template":"","meta":{"footnotes":""},"class_list":["post-523","page","type-page","status-publish","has-post-thumbnail","hentry"],"_links":{"self":[{"href":"http:\/\/bech.truni.sk\/index.php\/wp-json\/wp\/v2\/pages\/523","targetHints":{"allow":["GET"]}}],"collection":[{"href":"http:\/\/bech.truni.sk\/index.php\/wp-json\/wp\/v2\/pages"}],"about":[{"href":"http:\/\/bech.truni.sk\/index.php\/wp-json\/wp\/v2\/types\/page"}],"author":[{"embeddable":true,"href":"http:\/\/bech.truni.sk\/index.php\/wp-json\/wp\/v2\/users\/1"}],"replies":[{"embeddable":true,"href":"http:\/\/bech.truni.sk\/index.php\/wp-json\/wp\/v2\/comments?post=523"}],"version-history":[{"count":11,"href":"http:\/\/bech.truni.sk\/index.php\/wp-json\/wp\/v2\/pages\/523\/revisions"}],"predecessor-version":[{"id":2577,"href":"http:\/\/bech.truni.sk\/index.php\/wp-json\/wp\/v2\/pages\/523\/revisions\/2577"}],"wp:featuredmedia":[{"embeddable":true,"href":"http:\/\/bech.truni.sk\/index.php\/wp-json\/wp\/v2\/media\/252"}],"wp:attachment":[{"href":"http:\/\/bech.truni.sk\/index.php\/wp-json\/wp\/v2\/media?parent=523"}],"curies":[{"name":"wp","href":"https:\/\/api.w.org\/{rel}","templated":true}]}}